{"id":804,"date":"2020-09-22T14:23:21","date_gmt":"2020-09-22T14:23:21","guid":{"rendered":"https:\/\/aebemposta.com\/?page_id=804"},"modified":"2020-09-22T14:23:21","modified_gmt":"2020-09-22T14:23:21","slug":"secretaria","status":"publish","type":"page","link":"https:\/\/aebemposta.com\/?page_id=804","title":{"rendered":"Secretaria"},"content":{"rendered":"<p><span style=\"font-weight: 400;\">INFORMAM-SE OS INTERESSADOS QUE DEVER\u00c3O PROCEDER A AGENDAMENTO PR\u00c9VIO JUNTO DO PBX, ATRAV\u00c9S DO <\/span><b>CONTACTO 282 244 400<\/b><span style=\"font-weight: 400;\">, CASO PRETENDAM SER <\/span><b>ATENDIDOS PRESENCIALMENTE NA<\/b> <b>SECRETARIA<\/b><span style=\"font-weight: 400;\">.\u00a0<\/span><\/p>\n<p>&nbsp;<\/p>\n<p><span style=\"font-weight: 400;\">TAL PROCEDIMENTO VISA ASSEGURAR O CUMPRIMENTO DO ESTABELECIDO NO PLANO DE CONTING\u00caNCIA E CONTRIBUIR PARA MINIMIZAR O RISCO DE CONT\u00c1GIO.<\/span><\/p>\n<p><span style=\"font-weight: 400;\">AGRADECEMOS A VOSSA COMPREENS\u00c3O.<\/span><\/p>\n<p>&nbsp;<\/p>\n<p><span style=\"font-weight: 400;\">\u00a0\u00a0\u00a0\u00a0\u00a0\u00a0\u00a0\u00a0\u00a0\u00a0\u00a0\u00a0\u00a0\u00a0\u00a0\u00a0\u00a0\u00a0\u00a0\u00a0\u00a0\u00a0\u00a0\u00a0\u00a0\u00a0\u00a0\u00a0\u00a0\u00a0\u00a0\u00a0\u00a0\u00a0\u00a0\u00a0\u00a0\u00a0\u00a0\u00a0\u00a0\u00a0\u00a0\u00a0\u00a0\u00a0\u00a0\u00a0\u00a0\u00a0\u00a0\u00a0\u00a0\u00a0\u00a0\u00a0\u00a0\u00a0\u00a0\u00a0\u00a0\u00a0\u00a0\u00a0\u00a0\u00a0\u00a0\u00a0\u00a0\u00a0\u00a0A DIRE\u00c7\u00c3O<\/span><\/p>\n","protected":false},"excerpt":{"rendered":"<p>INFORMAM-SE OS INTERESSADOS QUE DEVER\u00c3O PROCEDER A AGENDAMENTO PR\u00c9VIO JUNTO DO PBX, ATRAV\u00c9S DO CONTACTO 282 244 400, CASO PRETENDAM SER ATENDIDOS PRESENCIALMENTE NA SECRETARIA.\u00a0 &nbsp; TAL PROCEDIMENTO VISA ASSEGURAR O CUMPRIMENTO DO ESTABELECIDO NO PLANO DE CONTING\u00caNCIA E CONTRIBUIR PARA MINIMIZAR O RISCO DE CONT\u00c1GIO. AGRADECEMOS A VOSSA COMPREENS\u00c3O. &nbsp; \u00a0\u00a0\u00a0\u00a0\u00a0\u00a0\u00a0\u00a0\u00a0\u00a0\u00a0\u00a0\u00a0\u00a0\u00a0\u00a0\u00a0\u00a0\u00a0\u00a0\u00a0\u00a0\u00a0\u00a0\u00a0\u00a0\u00a0\u00a0\u00a0\u00a0\u00a0\u00a0\u00a0\u00a0\u00a0\u00a0\u00a0\u00a0\u00a0\u00a0\u00a0\u00a0\u00a0\u00a0\u00a0\u00a0\u00a0\u00a0\u00a0\u00a0\u00a0\u00a0\u00a0\u00a0\u00a0\u00a0\u00a0\u00a0\u00a0\u00a0\u00a0\u00a0\u00a0\u00a0\u00a0\u00a0\u00a0\u00a0\u00a0\u00a0\u00a0A DIRE\u00c7\u00c3O<\/p>\n","protected":false},"author":2,"featured_media":0,"parent":178,"menu_order":0,"comment_status":"closed","ping_status":"closed","template":"","meta":{"inline_featured_image":false,"_uag_custom_page_level_css":"","footnotes":""},"class_list":["post-804","page","type-page","status-publish"],"uagb_featured_image_src":{"full":false,"thumbnail":false,"medium":false,"medium_large":false,"large":false,"1536x1536":false,"2048x2048":false},"uagb_author_info":{"display_name":"Roberto Vieira","author_link":"https:\/\/aebemposta.com\/?author=2"},"uagb_comment_info":0,"uagb_excerpt":"INFORMAM-SE OS INTERESSADOS QUE DEVER\u00c3O PROCEDER A AGENDAMENTO PR\u00c9VIO JUNTO DO PBX, ATRAV\u00c9S DO CONTACTO 282 244 400, CASO PRETENDAM SER ATENDIDOS PRESENCIALMENTE NA SECRETARIA.\u00a0 &nbsp; TAL PROCEDIMENTO VISA ASSEGURAR O CUMPRIMENTO DO ESTABELECIDO NO PLANO DE CONTING\u00caNCIA E CONTRIBUIR PARA MINIMIZAR O RISCO DE CONT\u00c1GIO. AGRADECEMOS A VOSSA COMPREENS\u00c3O. &nbsp; \u00a0\u00a0\u00a0\u00a0\u00a0\u00a0\u00a0\u00a0\u00a0\u00a0\u00a0\u00a0\u00a0\u00a0\u00a0\u00a0\u00a0\u00a0\u00a0\u00a0\u00a0\u00a0\u00a0\u00a0\u00a0\u00a0\u00a0\u00a0\u00a0\u00a0\u00a0\u00a0\u00a0\u00a0\u00a0\u00a0\u00a0\u00a0\u00a0\u00a0\u00a0\u00a0\u00a0\u00a0\u00a0\u00a0\u00a0\u00a0\u00a0\u00a0\u00a0\u00a0\u00a0\u00a0\u00a0\u00a0\u00a0\u00a0\u00a0\u00a0\u00a0\u00a0\u00a0\u00a0\u00a0\u00a0\u00a0\u00a0\u00a0\u00a0\u00a0A DIRE\u00c7\u00c3O","_links":{"self":[{"href":"https:\/\/aebemposta.com\/index.php?rest_route=\/wp\/v2\/pages\/804","targetHints":{"allow":["GET"]}}],"collection":[{"href":"https:\/\/aebemposta.com\/index.php?rest_route=\/wp\/v2\/pages"}],"about":[{"href":"https:\/\/aebemposta.com\/index.php?rest_route=\/wp\/v2\/types\/page"}],"author":[{"embeddable":true,"href":"https:\/\/aebemposta.com\/index.php?rest_route=\/wp\/v2\/users\/2"}],"replies":[{"embeddable":true,"href":"https:\/\/aebemposta.com\/index.php?rest_route=%2Fwp%2Fv2%2Fcomments&post=804"}],"version-history":[{"count":0,"href":"https:\/\/aebemposta.com\/index.php?rest_route=\/wp\/v2\/pages\/804\/revisions"}],"up":[{"embeddable":true,"href":"https:\/\/aebemposta.com\/index.php?rest_route=\/wp\/v2\/pages\/178"}],"wp:attachment":[{"href":"https:\/\/aebemposta.com\/index.php?rest_route=%2Fwp%2Fv2%2Fmedia&parent=804"}],"curies":[{"name":"wp","href":"https:\/\/api.w.org\/{rel}","templated":true}]}}