{"id":4383,"date":"2023-11-03T10:54:37","date_gmt":"2023-11-03T10:54:37","guid":{"rendered":"https:\/\/aebemposta.com\/?page_id=4383"},"modified":"2025-10-30T10:31:23","modified_gmt":"2025-10-30T10:31:23","slug":"departamento-de-ciencias-humanas-e-sociais","status":"publish","type":"page","link":"https:\/\/aebemposta.com\/?page_id=4383","title":{"rendered":"Departamento de Ci\u00eancias Humanas e Sociais"},"content":{"rendered":"<p>Geografia e Geografia A &#8211; <a href=\"https:\/\/aebemposta.com\/wp-content\/uploads\/2025\/10\/CA-GEO-e-GEO-A_25-26.pdf\">Consultar<\/a><\/p>\n<p>\u00c1rea de Integra\u00e7\u00e3o &#8211; <a href=\"https:\/\/aebemposta.com\/wp-content\/uploads\/2025\/10\/CA-AI_25-26.pdf\">Consultar<\/a><\/p>\n<p>Cidadania e Desenvolvimento &#8211; <a href=\"https:\/\/aebemposta.com\/wp-content\/uploads\/2025\/10\/CA-CD_25-26.pdf\">Consultar<\/a><\/p>\n<p>Psicologia &#8211; <a href=\"https:\/\/aebemposta.com\/wp-content\/uploads\/2025\/10\/CA_PSI_EProf_25-26.pdf\">Consultar<\/a><\/p>\n<p>Psicologia B &#8211; <a href=\"https:\/\/aebemposta.com\/wp-content\/uploads\/2025\/10\/CA-PSI-B_25-26.pdf\">Consultar<\/a><\/p>\n<p>Filosofia &#8211; <a href=\"https:\/\/aebemposta.com\/wp-content\/uploads\/2025\/10\/CA-FIL_25-26.pdf\">Consultar<\/a><\/p>\n<p>Hist\u00f3ria e Geografia de Portugal, Hist\u00f3ria, Hist\u00f3ria A, Hist\u00f3ria e Cultura das Artes &#8211; <a href=\"https:\/\/aebemposta.com\/wp-content\/uploads\/2025\/10\/CA-HGP_HST_HST-A_HCA_25-26.pdf\">Consultar<\/a><\/p>\n<p>Economia A &#8211; <a href=\"https:\/\/aebemposta.com\/wp-content\/uploads\/2025\/10\/CA-ECO-A_25-26.pdf\">Consultar<\/a><\/p>\n<p>Economia C &#8211; <a href=\"https:\/\/aebemposta.com\/wp-content\/uploads\/2025\/10\/CA-ECO-C_25-26.pdf\">Consultar<\/a><\/p>\n<p>&nbsp;<\/p>\n<p>&nbsp;<\/p>\n","protected":false},"excerpt":{"rendered":"<p>Geografia e Geografia A &#8211; Consultar \u00c1rea de Integra\u00e7\u00e3o &#8211; Consultar Cidadania e Desenvolvimento &#8211; Consultar Psicologia &#8211; Consultar Psicologia B &#8211; Consultar Filosofia &#8211; Consultar Hist\u00f3ria e Geografia de Portugal, Hist\u00f3ria, Hist\u00f3ria A, Hist\u00f3ria e Cultura das Artes &#8211; Consultar Economia A &#8211; Consultar Economia C &#8211; Consultar &nbsp; &nbsp;<\/p>\n","protected":false},"author":2,"featured_media":0,"parent":4457,"menu_order":0,"comment_status":"closed","ping_status":"closed","template":"","meta":{"inline_featured_image":false,"_uag_custom_page_level_css":"","footnotes":""},"class_list":["post-4383","page","type-page","status-publish"],"uagb_featured_image_src":{"full":false,"thumbnail":false,"medium":false,"medium_large":false,"large":false,"1536x1536":false,"2048x2048":false},"uagb_author_info":{"display_name":"Roberto Vieira","author_link":"https:\/\/aebemposta.com\/?author=2"},"uagb_comment_info":0,"uagb_excerpt":"Geografia e Geografia A &#8211; Consultar \u00c1rea de Integra\u00e7\u00e3o &#8211; Consultar Cidadania e Desenvolvimento &#8211; Consultar Psicologia &#8211; Consultar Psicologia B &#8211; Consultar Filosofia &#8211; Consultar Hist\u00f3ria e Geografia de Portugal, Hist\u00f3ria, Hist\u00f3ria A, Hist\u00f3ria e Cultura das Artes &#8211; Consultar Economia A &#8211; Consultar Economia C &#8211; Consultar &nbsp; &nbsp;","_links":{"self":[{"href":"https:\/\/aebemposta.com\/index.php?rest_route=\/wp\/v2\/pages\/4383","targetHints":{"allow":["GET"]}}],"collection":[{"href":"https:\/\/aebemposta.com\/index.php?rest_route=\/wp\/v2\/pages"}],"about":[{"href":"https:\/\/aebemposta.com\/index.php?rest_route=\/wp\/v2\/types\/page"}],"author":[{"embeddable":true,"href":"https:\/\/aebemposta.com\/index.php?rest_route=\/wp\/v2\/users\/2"}],"replies":[{"embeddable":true,"href":"https:\/\/aebemposta.com\/index.php?rest_route=%2Fwp%2Fv2%2Fcomments&post=4383"}],"version-history":[{"count":5,"href":"https:\/\/aebemposta.com\/index.php?rest_route=\/wp\/v2\/pages\/4383\/revisions"}],"predecessor-version":[{"id":6049,"href":"https:\/\/aebemposta.com\/index.php?rest_route=\/wp\/v2\/pages\/4383\/revisions\/6049"}],"up":[{"embeddable":true,"href":"https:\/\/aebemposta.com\/index.php?rest_route=\/wp\/v2\/pages\/4457"}],"wp:attachment":[{"href":"https:\/\/aebemposta.com\/index.php?rest_route=%2Fwp%2Fv2%2Fmedia&parent=4383"}],"curies":[{"name":"wp","href":"https:\/\/api.w.org\/{rel}","templated":true}]}}