{"id":280,"date":"2020-03-13T09:54:39","date_gmt":"2020-03-13T09:54:39","guid":{"rendered":"https:\/\/aebemposta.com\/?page_id=280"},"modified":"2020-03-13T09:54:39","modified_gmt":"2020-03-13T09:54:39","slug":"provas-e-exames","status":"publish","type":"page","link":"https:\/\/aebemposta.com\/?page_id=280","title":{"rendered":"Provas e Exames 2022 &#8211; Informa\u00e7\u00f5es"},"content":{"rendered":"<p><strong>Neste espa\u00e7o encontram-se informa\u00e7\u00f5es sobre Provas e Exames Nacionais 2021\/2022<\/strong><\/p>\n<p>&nbsp;<\/p>\n<p>&#8211; Guia para aplica\u00e7\u00e3o das provas de aferi\u00e7\u00e3o 2022 &#8211; <a href=\"http:\/\/localhost\/wordpress\/wp-content\/uploads\/2022\/04\/Guia-das-Provas-de-Afericao.pdf\">Guia<\/a><\/p>\n<p><strong>&#8211; <\/strong>Norma n\u00ba 1\/2022 \u2013\u00a0<a href=\"http:\/\/localhost\/wordpress\/wp-content\/uploads\/2022\/03\/Norma_01_JNE_2022.pdf\">Norma<\/a><\/p>\n<p><strong>&#8211; <\/strong>Norma n\u00ba 2\/2022 \u2013 <a href=\"http:\/\/localhost\/wordpress\/wp-content\/uploads\/2022\/05\/Norma-02.pdf\">Norma<\/a><\/p>\n<p>&#8211; PIEPE &#8211; Plataforma de Inscri\u00e7\u00e3o Eletr\u00f3nica em Provas e Exames &#8211; <a href=\"https:\/\/jnepiepe.dge.mec.pt\/\">https:\/\/jnepiepe.dge.mec.pt<\/a><\/p>\n<p>&#8211; PIEPE &#8211; <a href=\"https:\/\/www.dge.mec.pt\/sites\/default\/files\/JNE\/manual_piepe_2022.pdf\">Manual do utilizador<\/a><\/p>\n<p>&#8211; Guia Geral de Acesso ao Ensino Superior &#8211; <a href=\"http:\/\/localhost\/wordpress\/wp-content\/uploads\/2022\/04\/Guia-GeralExames_ensino-Superior_2022.pdf\">Guia<\/a><\/p>\n<p>&#8211; Guia para Aplica\u00e7\u00e3o de Adapta\u00e7\u00f5es na Realiza\u00e7\u00e3o de Provas e Exames 2022 &#8211; <a href=\"http:\/\/localhost\/wordpress\/wp-content\/uploads\/2022\/04\/Guia-para-aplicao-das-adaptaes-na-realizao-de-provas-de-exame-jne-2022.pdf\">Guia<\/a><\/p>\n<p><strong>&#8211; Despacho Normativo n.\u00ba 7-A \/2022<\/strong>\u00a0&#8211; O Regulamento das Provas de Avalia\u00e7\u00e3o Externa e das Provas de Equival\u00eancia \u00e0 Frequ\u00eancia dos Ensinos B\u00e1sico e Secund\u00e1rio &#8211; <a href=\"http:\/\/localhost\/wordpress\/wp-content\/uploads\/2022\/03\/Regulamento-das-provas-de-avaliacao-externa_Despacho-Normativo-n7-A-2022.pdf\">Despacho<\/a><\/p>\n<p>&#8211; Lista exemplificativa de m\u00e1quinas de calcular pass\u00edveis de serem utilizadas nos Exames Finais Nacionais &#8211;\u00a0<a href=\"http:\/\/localhost\/wordpress\/wp-content\/uploads\/2022\/04\/lista_exemplificativa_nao_exaustiva_de_calculadoras.pdf\">Lista<\/a><\/p>\n<p>&#8211; Utiliza\u00e7\u00e3o de Calculadoras no Ensino B\u00e1sico e no Ensino Secund\u00e1rio &#8211;\u00a0<a href=\"http:\/\/localhost\/wordpress\/wp-content\/uploads\/2022\/04\/S-Assinado-DGE-DSDC-DES-Agrupamento-de-Escola-1.pdf\">Oficio<\/a><\/p>\n<p><strong>&#8211; Informa\u00e7\u00f5es-Prova 2021\/2022 &#8211; <\/strong><a href=\"http:\/\/localhost\/wordpress\/wp-content\/uploads\/2022\/04\/Informacao_prova_2021_22.pdf\">Liga\u00e7\u00e3o<\/a><\/p>\n<p>&#8211; Informa\u00e7\u00e3o complementar \u2013 2\u00ba ano &#8211; <a href=\"http:\/\/localhost\/wordpress\/wp-content\/uploads\/2022\/04\/Informacao-complemetrar-Provas-Praticas-2o-Ano-2022.pdf\">Liga\u00e7\u00e3o<\/a><\/p>\n<p>&#8211; Informa\u00e7\u00e3o complementar \u2013 5\u00ba ano &#8211; <a href=\"http:\/\/localhost\/wordpress\/wp-content\/uploads\/2022\/04\/Informacao-complemetrar-Provas-Praticas-5o-Ano-2022.pdf\">Liga\u00e7\u00e3o<\/a><\/p>\n<p>&#8211; Informa\u00e7\u00e3o complementar \u2013 8\u00ba ano &#8211; <a href=\"http:\/\/localhost\/wordpress\/wp-content\/uploads\/2022\/04\/Informacao-complemetrar-Provas-Praticas-8o-Ano-2022.pdf\">Liga\u00e7\u00e3o<\/a><\/p>\n<p><strong>&#8211; Calend\u00e1rio Exames:<\/strong>\u00a0Despacho n.\u00ba 6726-A\/2021, de 8 de julho\u00a0\u2013\u00a0<a href=\"http:\/\/localhost\/wordpress\/wp-content\/uploads\/2022\/04\/Calend\u00b4rio-de-exames-2022.pdf\">Calend\u00e1rio de Exames<\/a><\/p>\n","protected":false},"excerpt":{"rendered":"<p>Neste espa\u00e7o encontram-se informa\u00e7\u00f5es sobre Provas e Exames Nacionais 2021\/2022 &nbsp; &#8211; Guia para aplica\u00e7\u00e3o das provas de aferi\u00e7\u00e3o 2022 &#8211; Guia &#8211; Norma n\u00ba 1\/2022 \u2013\u00a0Norma &#8211; Norma n\u00ba 2\/2022 \u2013 Norma &#8211; PIEPE &#8211; Plataforma de Inscri\u00e7\u00e3o Eletr\u00f3nica em Provas e Exames &#8211; https:\/\/jnepiepe.dge.mec.pt &#8211; PIEPE &#8211; Manual do utilizador &#8211; Guia Geral &#8230; <a title=\"Provas e Exames 2022 &#8211; Informa\u00e7\u00f5es\" class=\"read-more\" href=\"https:\/\/aebemposta.com\/?page_id=280\" aria-label=\"Leia mais sobre Provas e Exames 2022 &#8211; Informa\u00e7\u00f5es\">Ler mais<\/a><\/p>\n","protected":false},"author":2,"featured_media":293,"parent":0,"menu_order":0,"comment_status":"closed","ping_status":"closed","template":"","meta":{"inline_featured_image":false,"_uag_custom_page_level_css":"","footnotes":""},"class_list":["post-280","page","type-page","status-publish","has-post-thumbnail"],"uagb_featured_image_src":{"full":false,"thumbnail":false,"medium":false,"medium_large":false,"large":false,"1536x1536":false,"2048x2048":false},"uagb_author_info":{"display_name":"Roberto Vieira","author_link":"https:\/\/aebemposta.com\/?author=2"},"uagb_comment_info":0,"uagb_excerpt":"Neste espa\u00e7o encontram-se informa\u00e7\u00f5es sobre Provas e Exames Nacionais 2021\/2022 &nbsp; &#8211; Guia para aplica\u00e7\u00e3o das provas de aferi\u00e7\u00e3o 2022 &#8211; Guia &#8211; Norma n\u00ba 1\/2022 \u2013\u00a0Norma &#8211; Norma n\u00ba 2\/2022 \u2013 Norma &#8211; PIEPE &#8211; Plataforma de Inscri\u00e7\u00e3o Eletr\u00f3nica em Provas e Exames &#8211; https:\/\/jnepiepe.dge.mec.pt &#8211; PIEPE &#8211; Manual do utilizador &#8211; Guia Geral&hellip;","_links":{"self":[{"href":"https:\/\/aebemposta.com\/index.php?rest_route=\/wp\/v2\/pages\/280","targetHints":{"allow":["GET"]}}],"collection":[{"href":"https:\/\/aebemposta.com\/index.php?rest_route=\/wp\/v2\/pages"}],"about":[{"href":"https:\/\/aebemposta.com\/index.php?rest_route=\/wp\/v2\/types\/page"}],"author":[{"embeddable":true,"href":"https:\/\/aebemposta.com\/index.php?rest_route=\/wp\/v2\/users\/2"}],"replies":[{"embeddable":true,"href":"https:\/\/aebemposta.com\/index.php?rest_route=%2Fwp%2Fv2%2Fcomments&post=280"}],"version-history":[{"count":0,"href":"https:\/\/aebemposta.com\/index.php?rest_route=\/wp\/v2\/pages\/280\/revisions"}],"wp:featuredmedia":[{"embeddable":true,"href":"https:\/\/aebemposta.com\/index.php?rest_route=\/"}],"wp:attachment":[{"href":"https:\/\/aebemposta.com\/index.php?rest_route=%2Fwp%2Fv2%2Fmedia&parent=280"}],"curies":[{"name":"wp","href":"https:\/\/api.w.org\/{rel}","templated":true}]}}