{"id":183,"date":"2020-02-10T13:31:02","date_gmt":"2020-02-10T13:31:02","guid":{"rendered":"https:\/\/aebemposta.com\/?page_id=165"},"modified":"2023-05-09T11:31:35","modified_gmt":"2023-05-09T11:31:35","slug":"conselho-administrativo","status":"publish","type":"page","link":"https:\/\/aebemposta.com\/?page_id=183","title":{"rendered":"Conselho Administrativo"},"content":{"rendered":"<p><strong><span style=\"color: #000080;\">Diretora &#8211; <\/span><\/strong>Sandra Isabel Amaro de Sousa Tenil<\/p>\n<p><span style=\"color: #000080;\"><strong>Subdiretora &#8211; <\/strong><\/span>Cid\u00e1lia Maria Ribeiro Gon\u00e7alves<\/p>\n<p><strong><span style=\"color: #000080;\">Coordenadora T\u00e9cnica &#8211; <\/span><\/strong>Maria Fernanda Rosa da Concei\u00e7\u00e3o<\/p>\n","protected":false},"excerpt":{"rendered":"<p>Diretora &#8211; Sandra Isabel Amaro de Sousa Tenil Subdiretora &#8211; Cid\u00e1lia Maria Ribeiro Gon\u00e7alves Coordenadora T\u00e9cnica &#8211; Maria Fernanda Rosa da Concei\u00e7\u00e3o<\/p>\n","protected":false},"author":2,"featured_media":0,"parent":0,"menu_order":0,"comment_status":"closed","ping_status":"open","template":"","meta":{"inline_featured_image":false,"_uag_custom_page_level_css":"","footnotes":""},"class_list":["post-183","page","type-page","status-publish"],"uagb_featured_image_src":{"full":false,"thumbnail":false,"medium":false,"medium_large":false,"large":false,"1536x1536":false,"2048x2048":false},"uagb_author_info":{"display_name":"Roberto Vieira","author_link":"https:\/\/aebemposta.com\/?author=2"},"uagb_comment_info":0,"uagb_excerpt":"Diretora &#8211; Sandra Isabel Amaro de Sousa Tenil Subdiretora &#8211; Cid\u00e1lia Maria Ribeiro Gon\u00e7alves Coordenadora T\u00e9cnica &#8211; Maria Fernanda Rosa da Concei\u00e7\u00e3o","_links":{"self":[{"href":"https:\/\/aebemposta.com\/index.php?rest_route=\/wp\/v2\/pages\/183","targetHints":{"allow":["GET"]}}],"collection":[{"href":"https:\/\/aebemposta.com\/index.php?rest_route=\/wp\/v2\/pages"}],"about":[{"href":"https:\/\/aebemposta.com\/index.php?rest_route=\/wp\/v2\/types\/page"}],"author":[{"embeddable":true,"href":"https:\/\/aebemposta.com\/index.php?rest_route=\/wp\/v2\/users\/2"}],"replies":[{"embeddable":true,"href":"https:\/\/aebemposta.com\/index.php?rest_route=%2Fwp%2Fv2%2Fcomments&post=183"}],"version-history":[{"count":2,"href":"https:\/\/aebemposta.com\/index.php?rest_route=\/wp\/v2\/pages\/183\/revisions"}],"predecessor-version":[{"id":4079,"href":"https:\/\/aebemposta.com\/index.php?rest_route=\/wp\/v2\/pages\/183\/revisions\/4079"}],"wp:attachment":[{"href":"https:\/\/aebemposta.com\/index.php?rest_route=%2Fwp%2Fv2%2Fmedia&parent=183"}],"curies":[{"name":"wp","href":"https:\/\/api.w.org\/{rel}","templated":true}]}}