{"id":182,"date":"2020-03-10T13:31:02","date_gmt":"2020-03-10T13:31:02","guid":{"rendered":"https:\/\/aebemposta.com\/?page_id=164"},"modified":"2026-02-06T11:01:58","modified_gmt":"2026-02-06T11:01:58","slug":"conselho-geral","status":"publish","type":"page","link":"https:\/\/aebemposta.com\/?page_id=182","title":{"rendered":"Conselho Geral"},"content":{"rendered":"<p>Teresa Gouveia &#8211; Presidente\/Docente<\/p>\n<p>Sandra Tenil &#8211; Diretora<\/p>\n<p>Alda <span style=\"font-weight: 400;\">Gon\u00e7alves <\/span>Martins &#8211; Docente<\/p>\n<p>Rui Ribeiro &#8211; Docente<\/p>\n<p>Ganna Nemchynova &#8211; Docente<\/p>\n<p>Ivone Rosa &#8211; Docente<\/p>\n<p>Patr\u00edcia Almeida &#8211; Representante do Pessoal n\u00e3o Docente<\/p>\n<p>Ana Lu\u00edsa Vicente &#8211; CMP &#8211; Representante da Divis\u00e3o da Educa\u00e7\u00e3o<\/p>\n<p>Susana Proen\u00e7a &#8211; CMP &#8211; Chefe da Unidade de Interven\u00e7\u00e3o Socioeducativa<\/p>\n<p>Humberto Martins &#8211; Representante dos Encarregados de Educa\u00e7\u00e3o<\/p>\n<p><span style=\"font-weight: 400;\">Rui Sancho <\/span>&#8211; Representante dos Encarregados de Educa\u00e7\u00e3o<\/p>\n<p>M\u00e1rio de Freitas &#8211; <span style=\"font-weight: 400;\">Representante da Comunidade Local<\/span><\/p>\n<p><span style=\"font-weight: 400;\">Miguel Augusto &#8211; Representante da Comunidade Local<\/span><\/p>\n<p><span style=\"font-weight: 400;\">Bianca Balzer &#8211; Representante dos Alunos<\/span><\/p>\n","protected":false},"excerpt":{"rendered":"<p>Teresa Gouveia &#8211; Presidente\/Docente Sandra Tenil &#8211; Diretora Alda Gon\u00e7alves Martins &#8211; Docente Rui Ribeiro &#8211; Docente Ganna Nemchynova &#8211; Docente Ivone Rosa &#8211; Docente Patr\u00edcia Almeida &#8211; Representante do Pessoal n\u00e3o Docente Ana Lu\u00edsa Vicente &#8211; CMP &#8211; Representante da Divis\u00e3o da Educa\u00e7\u00e3o Susana Proen\u00e7a &#8211; CMP &#8211; Chefe da Unidade de Interven\u00e7\u00e3o Socioeducativa &#8230; <a title=\"Conselho Geral\" class=\"read-more\" href=\"https:\/\/aebemposta.com\/?page_id=182\" aria-label=\"Leia mais sobre Conselho Geral\">Ler mais<\/a><\/p>\n","protected":false},"author":2,"featured_media":0,"parent":0,"menu_order":0,"comment_status":"closed","ping_status":"closed","template":"","meta":{"inline_featured_image":false,"_uag_custom_page_level_css":"","footnotes":""},"class_list":["post-182","page","type-page","status-publish"],"uagb_featured_image_src":{"full":false,"thumbnail":false,"medium":false,"medium_large":false,"large":false,"1536x1536":false,"2048x2048":false},"uagb_author_info":{"display_name":"Roberto Vieira","author_link":"https:\/\/aebemposta.com\/?author=2"},"uagb_comment_info":0,"uagb_excerpt":"Teresa Gouveia &#8211; Presidente\/Docente Sandra Tenil &#8211; Diretora Alda Gon\u00e7alves Martins &#8211; Docente Rui Ribeiro &#8211; Docente Ganna Nemchynova &#8211; Docente Ivone Rosa &#8211; Docente Patr\u00edcia Almeida &#8211; Representante do Pessoal n\u00e3o Docente Ana Lu\u00edsa Vicente &#8211; CMP &#8211; Representante da Divis\u00e3o da Educa\u00e7\u00e3o Susana Proen\u00e7a &#8211; CMP &#8211; Chefe da Unidade de Interven\u00e7\u00e3o Socioeducativa&hellip;","_links":{"self":[{"href":"https:\/\/aebemposta.com\/index.php?rest_route=\/wp\/v2\/pages\/182","targetHints":{"allow":["GET"]}}],"collection":[{"href":"https:\/\/aebemposta.com\/index.php?rest_route=\/wp\/v2\/pages"}],"about":[{"href":"https:\/\/aebemposta.com\/index.php?rest_route=\/wp\/v2\/types\/page"}],"author":[{"embeddable":true,"href":"https:\/\/aebemposta.com\/index.php?rest_route=\/wp\/v2\/users\/2"}],"replies":[{"embeddable":true,"href":"https:\/\/aebemposta.com\/index.php?rest_route=%2Fwp%2Fv2%2Fcomments&post=182"}],"version-history":[{"count":3,"href":"https:\/\/aebemposta.com\/index.php?rest_route=\/wp\/v2\/pages\/182\/revisions"}],"predecessor-version":[{"id":6193,"href":"https:\/\/aebemposta.com\/index.php?rest_route=\/wp\/v2\/pages\/182\/revisions\/6193"}],"wp:attachment":[{"href":"https:\/\/aebemposta.com\/index.php?rest_route=%2Fwp%2Fv2%2Fmedia&parent=182"}],"curies":[{"name":"wp","href":"https:\/\/api.w.org\/{rel}","templated":true}]}}